{"id":46,"date":"2021-12-27T12:58:41","date_gmt":"2021-12-27T12:58:41","guid":{"rendered":"https:\/\/psychotherapie-lu.de\/?page_id=46"},"modified":"2022-01-08T13:58:24","modified_gmt":"2022-01-08T13:58:24","slug":"spruch-cartoon","status":"publish","type":"page","link":"https:\/\/psychotherapie-lu.de\/index.php\/spruch-cartoon\/","title":{"rendered":"Spruch\/Weisheit\/Cartoon"},"content":{"rendered":"<h3 style=\"text-align: center;\">Hier zitiere ich gerne einen Sinn-Spruch, einen kurzen Text oder einen Cartoon, welche eine alltagsrelevante psychologische Erkenntnis, eine Lebenserfahrung oder eine &#8222;Weisheit&#8220; beinhalten. Dies kann zum Nachdenken oder auch zum Lachen bzw. Schmunzeln anregen. Humor sollte gerade bei dem &#8222;ernsten&#8220; Thema Psychotherapie nicht fehlen!<\/h3>\n<p style=\"text-align: center;\"><img loading=\"lazy\" decoding=\"async\" class=\"alignnone size-medium wp-image-79\" src=\"https:\/\/psychotherapie-lu.de\/wp-content\/uploads\/2021\/12\/test-300x226.jpg\" alt=\"\" width=\"300\" height=\"226\" srcset=\"https:\/\/psychotherapie-lu.de\/wp-content\/uploads\/2021\/12\/test-300x226.jpg 300w, https:\/\/psychotherapie-lu.de\/wp-content\/uploads\/2021\/12\/test.jpg 608w\" sizes=\"auto, (max-width: 300px) 100vw, 300px\" \/><\/p>\n<p style=\"text-align: center;\"><strong>Das Foto hier (aufgenommen im Sommer 2019) zeigt den Durchbruch der Ammer (Wildfluss in den Alpen, Nebenfluss der Isar) durch eine Felswand bei Oberammergau in Oberbayern. Das Wasser hat in Jahrtausenden durch seine weiche, best\u00e4ndige Kraft diesen Durchbruch geschaffen. Hierzu passt ein dem chinesischen Philosophen Laotse (6 Jh. v. Chr.) zugeschriebenes Zitat:<\/strong><\/p>\n<p style=\"text-align: center;\"><strong>&#8222;Auf der ganzen Welt gibt es nichts Weicheres und Schw\u00e4cheres als das Wasser. Und doch in der Art, wie es dem Harten zusetzt, kommt nichts ihm gleich. Es kann durch nichts ver\u00e4ndert werden. Dass Schwaches das Starke besiegt, wei\u00df jedermann auf Erden, aber kaum jemand vermag danach zu handeln.&#8220;<\/strong><\/p>\n<p style=\"text-align: center;\"><strong>Was k\u00f6nnte man daraus schlie\u00dfen? Vielleicht dieses:<\/strong><\/p>\n<p style=\"text-align: center;\"><strong>Die Natur l\u00e4dt uns ein, von ihr zu lernen: welche Schw\u00e4chen kenne ich an mir, die ich zu St\u00e4rken umwandeln kann? Welche dieser vermeintlichen Schw\u00e4chen sind in Wirklichkeit schon meine St\u00e4rken?<\/strong><\/p>\n<p style=\"text-align: center;\">&#8212;&#8212;&#8212;&#8212;&#8212;&#8212;&#8212;&#8212;&#8212;&#8212;&#8212;&#8212;&#8212;&#8212;&#8212;&#8212;&#8212;&#8212;&#8212;<\/p>\n<h3 style=\"text-align: center;\"><strong>Cartoon:<\/strong><\/h3>\n<p><img loading=\"lazy\" decoding=\"async\" class=\" wp-image-80 aligncenter\" src=\"https:\/\/psychotherapie-lu.de\/wp-content\/uploads\/2021\/12\/20130226_Hagar-0008_4-300x94.jpg\" alt=\"\" width=\"497\" height=\"156\" srcset=\"https:\/\/psychotherapie-lu.de\/wp-content\/uploads\/2021\/12\/20130226_Hagar-0008_4-300x94.jpg 300w, https:\/\/psychotherapie-lu.de\/wp-content\/uploads\/2021\/12\/20130226_Hagar-0008_4-1024x320.jpg 1024w, https:\/\/psychotherapie-lu.de\/wp-content\/uploads\/2021\/12\/20130226_Hagar-0008_4-768x240.jpg 768w, https:\/\/psychotherapie-lu.de\/wp-content\/uploads\/2021\/12\/20130226_Hagar-0008_4-1536x481.jpg 1536w, https:\/\/psychotherapie-lu.de\/wp-content\/uploads\/2021\/12\/20130226_Hagar-0008_4-2048x641.jpg 2048w\" sizes=\"auto, (max-width: 497px) 100vw, 497px\" \/><\/p>\n","protected":false},"excerpt":{"rendered":"<p>Hier zitiere ich gerne einen Sinn-Spruch, einen kurzen Text oder einen Cartoon, welche eine alltagsrelevante psychologische Erkenntnis, eine Lebenserfahrung oder eine &#8222;Weisheit&#8220; beinhalten. Dies kann zum Nachdenken oder auch zum Lachen bzw. Schmunzeln anregen. Humor sollte gerade bei dem &#8222;ernsten&#8220; Thema Psychotherapie nicht fehlen! Das Foto hier (aufgenommen im Sommer 2019) zeigt den Durchbruch der [&hellip;]<\/p>\n","protected":false},"author":1,"featured_media":31,"parent":0,"menu_order":5,"comment_status":"closed","ping_status":"closed","template":"","meta":{"footnotes":""},"class_list":["post-46","page","type-page","status-publish","has-post-thumbnail","hentry"],"_links":{"self":[{"href":"https:\/\/psychotherapie-lu.de\/index.php\/wp-json\/wp\/v2\/pages\/46","targetHints":{"allow":["GET"]}}],"collection":[{"href":"https:\/\/psychotherapie-lu.de\/index.php\/wp-json\/wp\/v2\/pages"}],"about":[{"href":"https:\/\/psychotherapie-lu.de\/index.php\/wp-json\/wp\/v2\/types\/page"}],"author":[{"embeddable":true,"href":"https:\/\/psychotherapie-lu.de\/index.php\/wp-json\/wp\/v2\/users\/1"}],"replies":[{"embeddable":true,"href":"https:\/\/psychotherapie-lu.de\/index.php\/wp-json\/wp\/v2\/comments?post=46"}],"version-history":[{"count":10,"href":"https:\/\/psychotherapie-lu.de\/index.php\/wp-json\/wp\/v2\/pages\/46\/revisions"}],"predecessor-version":[{"id":110,"href":"https:\/\/psychotherapie-lu.de\/index.php\/wp-json\/wp\/v2\/pages\/46\/revisions\/110"}],"wp:featuredmedia":[{"embeddable":true,"href":"https:\/\/psychotherapie-lu.de\/index.php\/wp-json\/wp\/v2\/media\/31"}],"wp:attachment":[{"href":"https:\/\/psychotherapie-lu.de\/index.php\/wp-json\/wp\/v2\/media?parent=46"}],"curies":[{"name":"wp","href":"https:\/\/api.w.org\/{rel}","templated":true}]}}